{"id":7816,"date":"2019-09-04T08:12:23","date_gmt":"2019-09-04T08:12:23","guid":{"rendered":"https:\/\/ld-wp73.template-help.com\/wordpress\/prod_15696\/v1\/?page_id=7816"},"modified":"2020-08-20T08:19:01","modified_gmt":"2020-08-20T08:19:01","slug":"acerca","status":"publish","type":"page","link":"https:\/\/trestecnicas.pt\/?page_id=7816","title":{"rendered":"Acerca"},"content":{"rendered":"\t\t<div data-elementor-type=\"wp-page\" data-elementor-id=\"7816\" class=\"elementor elementor-7816\" data-elementor-settings=\"[]\">\n\t\t\t\t\t\t<div class=\"elementor-inner\">\n\t\t\t\t\t\t\t<div class=\"elementor-section-wrap\">\n\t\t\t\t\t\t\t<section class=\"elementor-section elementor-top-section elementor-element elementor-element-da7ef1f invert elementor-section-boxed elementor-section-height-default elementor-section-height-default\" data-id=\"da7ef1f\" data-element_type=\"section\" data-settings=\"{&quot;background_background&quot;:&quot;classic&quot;}\">\n\t\t\t\t\t\t\t<div class=\"elementor-background-overlay\"><\/div>\n\t\t\t\t\t\t\t<div class=\"elementor-container elementor-column-gap-no\">\n\t\t\t\t\t\t\t<div class=\"elementor-row\">\n\t\t\t\t\t<div class=\"elementor-column elementor-col-100 elementor-top-column elementor-element elementor-element-6f978bde\" data-id=\"6f978bde\" data-element_type=\"column\">\n\t\t\t<div class=\"elementor-column-wrap elementor-element-populated\">\n\t\t\t\t\t\t\t<div class=\"elementor-widget-wrap\">\n\t\t\t\t\t\t<div class=\"elementor-element elementor-element-7a0c93e8 custom-animation elementor-widget elementor-widget-heading\" data-id=\"7a0c93e8\" data-element_type=\"widget\" data-widget_type=\"heading.default\">\n\t\t\t\t<div class=\"elementor-widget-container\">\n\t\t\t<h1 class=\"elementor-heading-title elementor-size-default\">ACERCA<\/h1>\t\t<\/div>\n\t\t\t\t<\/div>\n\t\t\t\t<div class=\"elementor-element elementor-element-42c0b7fa elementor-widget elementor-widget-heading\" data-id=\"42c0b7fa\" data-element_type=\"widget\" data-widget_type=\"heading.default\">\n\t\t\t\t<div class=\"elementor-widget-container\">\n\t\t\t<h2 class=\"elementor-heading-title elementor-size-default\">QUEM SOMOS E COMO GOSTAMOS DE TRABALHAR<\/h2>\t\t<\/div>\n\t\t\t\t<\/div>\n\t\t\t\t\t\t<\/div>\n\t\t\t\t\t<\/div>\n\t\t<\/div>\n\t\t\t\t\t\t\t\t<\/div>\n\t\t\t\t\t<\/div>\n\t\t<\/section>\n\t\t\t\t<section class=\"elementor-section elementor-top-section elementor-element elementor-element-4fad9fe6 elementor-section-boxed elementor-section-height-default elementor-section-height-default\" data-id=\"4fad9fe6\" data-element_type=\"section\">\n\t\t\t\t\t\t<div class=\"elementor-container elementor-column-gap-no\">\n\t\t\t\t\t\t\t<div class=\"elementor-row\">\n\t\t\t\t\t<div class=\"elementor-column elementor-col-50 elementor-top-column elementor-element elementor-element-441407a7\" data-id=\"441407a7\" data-element_type=\"column\">\n\t\t\t<div class=\"elementor-column-wrap elementor-element-populated\">\n\t\t\t\t\t\t\t<div class=\"elementor-widget-wrap\">\n\t\t\t\t\t\t<div class=\"elementor-element elementor-element-68ea7512 elementor-widget elementor-widget-heading\" data-id=\"68ea7512\" data-element_type=\"widget\" data-widget_type=\"heading.default\">\n\t\t\t\t<div class=\"elementor-widget-container\">\n\t\t\t<h2 class=\"elementor-heading-title elementor-size-default\">Quem somos<\/h2>\t\t<\/div>\n\t\t\t\t<\/div>\n\t\t\t\t<div class=\"elementor-element elementor-element-1feb7dee elementor-widget elementor-widget-spacer\" data-id=\"1feb7dee\" data-element_type=\"widget\" data-widget_type=\"spacer.default\">\n\t\t\t\t<div class=\"elementor-widget-container\">\n\t\t\t\t\t<div class=\"elementor-spacer\">\n\t\t\t<div class=\"elementor-spacer-inner\"><\/div>\n\t\t<\/div>\n\t\t\t\t<\/div>\n\t\t\t\t<\/div>\n\t\t\t\t<div class=\"elementor-element elementor-element-428e0398 elementor-widget elementor-widget-text-editor\" data-id=\"428e0398\" data-element_type=\"widget\" data-widget_type=\"text-editor.default\">\n\t\t\t\t<div class=\"elementor-widget-container\">\n\t\t\t\t\t<div class=\"elementor-text-editor elementor-clearfix\"><p>A equipa Tr\u00eas T\u00e9cnicas, distingue-se nas \u00e1reas de apoio profissional \u00e0s empresas e infra estruturas de servi\u00e7os t\u00e9cnicos para espet\u00e1culos e derivados.<\/p><p>Embora criada em 2014, conta com uma equipa com v\u00e1rios anos de experi\u00eancia que lhe permite responder de forma direta e eficaz a todas as necessidades dos seus clientes e parceiros, tornando-se assim numa refer\u00eancia para os seus pares.<\/p><p>Compreende o mercado e os meios do seu raio de ac\u00e7\u00e3o e tem como foco a humaniza\u00e7\u00e3o de todos os servi\u00e7os, criando assim rela\u00e7\u00f5es estreitas com os seus clientes e parceiros.<\/p><p>Analisamos, projetamos, concebemos, apoiamos.<\/p><\/div>\n\t\t\t\t<\/div>\n\t\t\t\t<\/div>\n\t\t\t\t\t\t<\/div>\n\t\t\t\t\t<\/div>\n\t\t<\/div>\n\t\t\t\t<div class=\"elementor-column elementor-col-50 elementor-top-column elementor-element elementor-element-447b1667\" data-id=\"447b1667\" data-element_type=\"column\">\n\t\t\t<div class=\"elementor-column-wrap elementor-element-populated\">\n\t\t\t\t\t\t\t<div class=\"elementor-widget-wrap\">\n\t\t\t\t\t\t<div class=\"elementor-element elementor-element-5bd5f6ca elementor-widget elementor-widget-heading\" data-id=\"5bd5f6ca\" data-element_type=\"widget\" data-widget_type=\"heading.default\">\n\t\t\t\t<div class=\"elementor-widget-container\">\n\t\t\t<h2 class=\"elementor-heading-title elementor-size-default\">A nossa filosofia (Modus Operandi)<\/h2>\t\t<\/div>\n\t\t\t\t<\/div>\n\t\t\t\t<div class=\"elementor-element elementor-element-267570b4 elementor-widget elementor-widget-spacer\" data-id=\"267570b4\" data-element_type=\"widget\" data-widget_type=\"spacer.default\">\n\t\t\t\t<div class=\"elementor-widget-container\">\n\t\t\t\t\t<div class=\"elementor-spacer\">\n\t\t\t<div class=\"elementor-spacer-inner\"><\/div>\n\t\t<\/div>\n\t\t\t\t<\/div>\n\t\t\t\t<\/div>\n\t\t\t\t<div class=\"elementor-element elementor-element-56166f51 elementor-widget elementor-widget-text-editor\" data-id=\"56166f51\" data-element_type=\"widget\" data-widget_type=\"text-editor.default\">\n\t\t\t\t<div class=\"elementor-widget-container\">\n\t\t\t\t\t<div class=\"elementor-text-editor elementor-clearfix\"><p>Na Tr\u00eas T\u00e9cnicas, acreditamos que o desenvolvimento do nosso trabalho em proximidade com os nossos clientes e parceiros nos torna diferentes no mercado.<br \/>Trabalhamos diariamente na melhoria do servi\u00e7o prestado e na constante evolu\u00e7\u00e3o apoiada pelos inputs recebidos pelos nossos clientes e parceiros.<\/p><p>Acompanhamos a evolu\u00e7\u00e3o dos mercados e procuramos adaptar-nos \u00e0 volatilidade das necessidades do meio em que nos inserimos. Estamos em constante processo de aprendizagem atrav\u00e9s das v\u00e1rias forma\u00e7\u00f5es t\u00e9cnicas e cient\u00edficas em que os nossos colaboradores participam para assim, poder responder \u00e0s necessidades dos mercados de forma assertiva, profissional e capaz.<\/p><\/div>\n\t\t\t\t<\/div>\n\t\t\t\t<\/div>\n\t\t\t\t\t\t<\/div>\n\t\t\t\t\t<\/div>\n\t\t<\/div>\n\t\t\t\t\t\t\t\t<\/div>\n\t\t\t\t\t<\/div>\n\t\t<\/section>\n\t\t\t\t<section class=\"elementor-section elementor-top-section elementor-element elementor-element-12696c66 invert elementor-section-boxed elementor-section-height-default elementor-section-height-default\" data-id=\"12696c66\" data-element_type=\"section\" data-settings=\"{&quot;background_background&quot;:&quot;classic&quot;}\">\n\t\t\t\t\t\t\t<div class=\"elementor-background-overlay\"><\/div>\n\t\t\t\t\t\t\t<div class=\"elementor-container elementor-column-gap-no\">\n\t\t\t\t\t\t\t<div class=\"elementor-row\">\n\t\t\t\t\t<div class=\"elementor-column elementor-col-50 elementor-top-column elementor-element elementor-element-20814a48\" data-id=\"20814a48\" data-element_type=\"column\">\n\t\t\t<div class=\"elementor-column-wrap\">\n\t\t\t\t\t\t\t<div class=\"elementor-widget-wrap\">\n\t\t\t\t\t\t\t\t<\/div>\n\t\t\t\t\t<\/div>\n\t\t<\/div>\n\t\t\t\t<div class=\"elementor-column elementor-col-50 elementor-top-column elementor-element elementor-element-3a3b0943\" data-id=\"3a3b0943\" data-element_type=\"column\" data-settings=\"{&quot;background_background&quot;:&quot;classic&quot;}\">\n\t\t\t<div class=\"elementor-column-wrap elementor-element-populated\">\n\t\t\t\t\t\t\t<div class=\"elementor-widget-wrap\">\n\t\t\t\t\t\t<div class=\"elementor-element elementor-element-52f4add0 elementor-widget elementor-widget-heading\" data-id=\"52f4add0\" data-element_type=\"widget\" data-widget_type=\"heading.default\">\n\t\t\t\t<div class=\"elementor-widget-container\">\n\t\t\t<h2 class=\"elementor-heading-title elementor-size-default\">PROXIMIDADE<\/h2>\t\t<\/div>\n\t\t\t\t<\/div>\n\t\t\t\t<div class=\"elementor-element elementor-element-7bcd0210 elementor-widget elementor-widget-spacer\" data-id=\"7bcd0210\" data-element_type=\"widget\" data-widget_type=\"spacer.default\">\n\t\t\t\t<div class=\"elementor-widget-container\">\n\t\t\t\t\t<div class=\"elementor-spacer\">\n\t\t\t<div class=\"elementor-spacer-inner\"><\/div>\n\t\t<\/div>\n\t\t\t\t<\/div>\n\t\t\t\t<\/div>\n\t\t\t\t<div class=\"elementor-element elementor-element-12d648bf elementor-widget elementor-widget-text-editor\" data-id=\"12d648bf\" data-element_type=\"widget\" data-widget_type=\"text-editor.default\">\n\t\t\t\t<div class=\"elementor-widget-container\">\n\t\t\t\t\t<div class=\"elementor-text-editor elementor-clearfix\"><p>Trabalhamos assentes numa l\u00f3gica de m\u00e1xima rela\u00e7\u00e3o inter-pessoal, desde o aconselhamento, venda do produto, instala\u00e7\u00e3o e servi\u00e7o p\u00f3s venda. \u00c9 nisto que acreditamos e \u00e9 no que fundamos as nossas rela\u00e7\u00f5es tanto com fornecedores como com os clientes.<\/p><\/div>\n\t\t\t\t<\/div>\n\t\t\t\t<\/div>\n\t\t\t\t<div class=\"elementor-element elementor-element-575bf2b6 elementor-widget elementor-widget-spacer\" data-id=\"575bf2b6\" data-element_type=\"widget\" data-widget_type=\"spacer.default\">\n\t\t\t\t<div class=\"elementor-widget-container\">\n\t\t\t\t\t<div class=\"elementor-spacer\">\n\t\t\t<div class=\"elementor-spacer-inner\"><\/div>\n\t\t<\/div>\n\t\t\t\t<\/div>\n\t\t\t\t<\/div>\n\t\t\t\t<div class=\"elementor-element elementor-element-67673363 elementor-align-left elementor-widget elementor-widget-button\" data-id=\"67673363\" data-element_type=\"widget\" data-widget_type=\"button.default\">\n\t\t\t\t<div class=\"elementor-widget-container\">\n\t\t\t\t\t<div class=\"elementor-button-wrapper\">\n\t\t\t<a href=\"https:\/\/trestecnicas.pt\/contactos\/\" class=\"elementor-button-link elementor-button elementor-size-sm\" role=\"button\">\n\t\t\t\t\t\t<span class=\"elementor-button-content-wrapper\">\n\t\t\t\t\t\t<span class=\"elementor-button-text\">CONTACTE-NOS<\/span>\n\t\t<\/span>\n\t\t\t\t\t<\/a>\n\t\t<\/div>\n\t\t\t\t<\/div>\n\t\t\t\t<\/div>\n\t\t\t\t\t\t<\/div>\n\t\t\t\t\t<\/div>\n\t\t<\/div>\n\t\t\t\t\t\t\t\t<\/div>\n\t\t\t\t\t<\/div>\n\t\t<\/section>\n\t\t\t\t<section class=\"elementor-section elementor-inner-section elementor-element elementor-element-44eb4a66 elementor-section-boxed elementor-section-height-default elementor-section-height-default\" data-id=\"44eb4a66\" data-element_type=\"section\">\n\t\t\t\t\t\t<div class=\"elementor-container elementor-column-gap-no\">\n\t\t\t\t\t\t\t<div class=\"elementor-row\">\n\t\t\t\t\t<div class=\"elementor-column elementor-col-33 elementor-inner-column elementor-element elementor-element-517740eb\" data-id=\"517740eb\" data-element_type=\"column\">\n\t\t\t<div class=\"elementor-column-wrap elementor-element-populated\">\n\t\t\t\t\t\t\t<div class=\"elementor-widget-wrap\">\n\t\t\t\t\t\t<div class=\"elementor-element elementor-element-d3a2de5 elementor-position-left elementor-vertical-align-middle elementor-widget elementor-widget-image-box\" data-id=\"d3a2de5\" data-element_type=\"widget\" data-widget_type=\"image-box.default\">\n\t\t\t\t<div class=\"elementor-widget-container\">\n\t\t\t<div class=\"elementor-image-box-wrapper\"><figure class=\"elementor-image-box-img\"><img loading=\"lazy\" decoding=\"async\" width=\"47\" height=\"50\" src=\"https:\/\/trestecnicas.pt\/wp-content\/uploads\/2019\/09\/bloc.svg\" class=\"elementor-animation-pulse attachment-full size-full\" alt=\"bloc.svg\" \/><\/figure><div class=\"elementor-image-box-content\"><h3 class=\"elementor-image-box-title\">PRE\u00c7OS COMPETITIVOS<\/h3><p class=\"elementor-image-box-description\">Posicionamo-nos no mercado de forma s\u00e9ria, com pre\u00e7os e condi\u00e7\u00f5es competitivas.<\/p><\/div><\/div>\t\t<\/div>\n\t\t\t\t<\/div>\n\t\t\t\t\t\t<\/div>\n\t\t\t\t\t<\/div>\n\t\t<\/div>\n\t\t\t\t<div class=\"elementor-column elementor-col-33 elementor-inner-column elementor-element elementor-element-5650c50\" data-id=\"5650c50\" data-element_type=\"column\">\n\t\t\t<div class=\"elementor-column-wrap elementor-element-populated\">\n\t\t\t\t\t\t\t<div class=\"elementor-widget-wrap\">\n\t\t\t\t\t\t<div class=\"elementor-element elementor-element-1904ff0d elementor-position-left elementor-vertical-align-middle elementor-widget elementor-widget-image-box\" data-id=\"1904ff0d\" data-element_type=\"widget\" data-widget_type=\"image-box.default\">\n\t\t\t\t<div class=\"elementor-widget-container\">\n\t\t\t<div class=\"elementor-image-box-wrapper\"><figure class=\"elementor-image-box-img\"><img loading=\"lazy\" decoding=\"async\" width=\"64\" height=\"52\" src=\"https:\/\/trestecnicas.pt\/wp-content\/uploads\/2019\/09\/head.svg\" class=\"elementor-animation-pulse attachment-full size-full\" alt=\"head.svg\" \/><\/figure><div class=\"elementor-image-box-content\"><h3 class=\"elementor-image-box-title\">Rela\u00e7\u00e3o direta<\/h3><p class=\"elementor-image-box-description\">A Tr\u00eas T\u00e9cnicas, posiciona-se de forma direta com os seus clientes e parceiros, proporcionando assim, rela\u00e7\u00f5es humanas de verdadeiro acompanhamento nas suas necessidades.<\/p><\/div><\/div>\t\t<\/div>\n\t\t\t\t<\/div>\n\t\t\t\t\t\t<\/div>\n\t\t\t\t\t<\/div>\n\t\t<\/div>\n\t\t\t\t<div class=\"elementor-column elementor-col-33 elementor-inner-column elementor-element elementor-element-77b481dc\" data-id=\"77b481dc\" data-element_type=\"column\">\n\t\t\t<div class=\"elementor-column-wrap elementor-element-populated\">\n\t\t\t\t\t\t\t<div class=\"elementor-widget-wrap\">\n\t\t\t\t\t\t<div class=\"elementor-element elementor-element-4ef8cab4 elementor-position-left elementor-vertical-align-middle elementor-widget elementor-widget-image-box\" data-id=\"4ef8cab4\" data-element_type=\"widget\" data-widget_type=\"image-box.default\">\n\t\t\t\t<div class=\"elementor-widget-container\">\n\t\t\t<div class=\"elementor-image-box-wrapper\"><figure class=\"elementor-image-box-img\"><img loading=\"lazy\" decoding=\"async\" width=\"57\" height=\"48\" src=\"https:\/\/trestecnicas.pt\/wp-content\/uploads\/2019\/09\/not.svg\" class=\"elementor-animation-pulse attachment-full size-full\" alt=\"not.svg\" \/><\/figure><div class=\"elementor-image-box-content\"><h3 class=\"elementor-image-box-title\">Planeamento<\/h3><p class=\"elementor-image-box-description\">Analisamos, planeamos e planificamos os processos de trabalho em sintonia com os nossos clientes e parceiros para a obten\u00e7\u00e3o de resultados de excel\u00eancia.<\/p><\/div><\/div>\t\t<\/div>\n\t\t\t\t<\/div>\n\t\t\t\t\t\t<\/div>\n\t\t\t\t\t<\/div>\n\t\t<\/div>\n\t\t\t\t\t\t\t\t<\/div>\n\t\t\t\t\t<\/div>\n\t\t<\/section>\n\t\t\t\t<section class=\"elementor-section elementor-inner-section elementor-element elementor-element-3298ed48 elementor-section-boxed elementor-section-height-default elementor-section-height-default\" data-id=\"3298ed48\" data-element_type=\"section\">\n\t\t\t\t\t\t<div class=\"elementor-container elementor-column-gap-no\">\n\t\t\t\t\t\t\t<div class=\"elementor-row\">\n\t\t\t\t\t<div class=\"elementor-column elementor-col-33 elementor-inner-column elementor-element elementor-element-65200108\" data-id=\"65200108\" data-element_type=\"column\">\n\t\t\t<div class=\"elementor-column-wrap elementor-element-populated\">\n\t\t\t\t\t\t\t<div class=\"elementor-widget-wrap\">\n\t\t\t\t\t\t<div class=\"elementor-element elementor-element-26e96711 elementor-position-left elementor-vertical-align-middle elementor-widget elementor-widget-image-box\" data-id=\"26e96711\" data-element_type=\"widget\" data-widget_type=\"image-box.default\">\n\t\t\t\t<div class=\"elementor-widget-container\">\n\t\t\t<div class=\"elementor-image-box-wrapper\"><figure class=\"elementor-image-box-img\"><img loading=\"lazy\" decoding=\"async\" width=\"55\" height=\"56\" src=\"https:\/\/trestecnicas.pt\/wp-content\/uploads\/2019\/09\/gear.svg\" class=\"elementor-animation-pulse attachment-full size-full\" alt=\"gear.svg\" \/><\/figure><div class=\"elementor-image-box-content\"><h3 class=\"elementor-image-box-title\">Flexibilidade<\/h3><p class=\"elementor-image-box-description\">A nossa equipa \u00e9 dotada de vasto conhecimento t\u00e9cnico em v\u00e1rias val\u00eancias que nos permite a adapta\u00e7\u00e3o real \u00e0s necessidades dos nossos clientes e parceiros.<\/p><\/div><\/div>\t\t<\/div>\n\t\t\t\t<\/div>\n\t\t\t\t\t\t<\/div>\n\t\t\t\t\t<\/div>\n\t\t<\/div>\n\t\t\t\t<div class=\"elementor-column elementor-col-33 elementor-inner-column elementor-element elementor-element-1ca1a037\" data-id=\"1ca1a037\" data-element_type=\"column\">\n\t\t\t<div class=\"elementor-column-wrap elementor-element-populated\">\n\t\t\t\t\t\t\t<div class=\"elementor-widget-wrap\">\n\t\t\t\t\t\t<div class=\"elementor-element elementor-element-7dc25b36 elementor-position-left elementor-vertical-align-middle elementor-widget elementor-widget-image-box\" data-id=\"7dc25b36\" data-element_type=\"widget\" data-widget_type=\"image-box.default\">\n\t\t\t\t<div class=\"elementor-widget-container\">\n\t\t\t<div class=\"elementor-image-box-wrapper\"><figure class=\"elementor-image-box-img\"><img loading=\"lazy\" decoding=\"async\" width=\"60\" height=\"62\" src=\"https:\/\/trestecnicas.pt\/wp-content\/uploads\/2019\/09\/lamp.svg\" class=\"elementor-animation-pulse attachment-full size-full\" alt=\"lamp.svg\" \/><\/figure><div class=\"elementor-image-box-content\"><h3 class=\"elementor-image-box-title\">criatividade<\/h3><p class=\"elementor-image-box-description\">Acreditamos que atrav\u00e9s do profissionalismo e criatividade, conseguimos oferecer um servi\u00e7o diferenciador que certamente enriquecer\u00e1 as atividades de quem nos procura.<\/p><\/div><\/div>\t\t<\/div>\n\t\t\t\t<\/div>\n\t\t\t\t\t\t<\/div>\n\t\t\t\t\t<\/div>\n\t\t<\/div>\n\t\t\t\t<div class=\"elementor-column elementor-col-33 elementor-inner-column elementor-element elementor-element-1c399f76\" data-id=\"1c399f76\" data-element_type=\"column\">\n\t\t\t<div class=\"elementor-column-wrap elementor-element-populated\">\n\t\t\t\t\t\t\t<div class=\"elementor-widget-wrap\">\n\t\t\t\t\t\t<div class=\"elementor-element elementor-element-4bdf1355 elementor-position-left elementor-vertical-align-middle elementor-widget elementor-widget-image-box\" data-id=\"4bdf1355\" data-element_type=\"widget\" data-widget_type=\"image-box.default\">\n\t\t\t\t<div class=\"elementor-widget-container\">\n\t\t\t<div class=\"elementor-image-box-wrapper\"><figure class=\"elementor-image-box-img\"><img loading=\"lazy\" decoding=\"async\" width=\"47\" height=\"47\" src=\"https:\/\/trestecnicas.pt\/wp-content\/uploads\/2019\/09\/clock.svg\" class=\"elementor-animation-pulse attachment-full size-full\" alt=\"clock.svg\" \/><\/figure><div class=\"elementor-image-box-content\"><h3 class=\"elementor-image-box-title\">Apoio<\/h3><p class=\"elementor-image-box-description\">Estamos \u00e0 dist\u00e2ncia de um contacto para o podermos apoiar nas suas atividades.<\/p><\/div><\/div>\t\t<\/div>\n\t\t\t\t<\/div>\n\t\t\t\t\t\t<\/div>\n\t\t\t\t\t<\/div>\n\t\t<\/div>\n\t\t\t\t\t\t\t\t<\/div>\n\t\t\t\t\t<\/div>\n\t\t<\/section>\n\t\t\t\t\t\t<\/div>\n\t\t\t\t\t\t<\/div>\n\t\t\t\t\t<\/div>\n\t\t","protected":false},"excerpt":{"rendered":"<p>ACERCA QUEM SOMOS E COMO GOSTAMOS DE TRABALHAR Quem somos A equipa Tr\u00eas T\u00e9cnicas, distingue-se nas \u00e1reas de apoio profissional \u00e0s empresas e infra estruturas de servi\u00e7os t\u00e9cnicos para espet\u00e1culos e derivados. Embora criada em 2014, conta com uma equipa com v\u00e1rios anos de experi\u00eancia que lhe permite responder de forma direta e eficaz a [&hellip;]<\/p>\n","protected":false},"author":1,"featured_media":0,"parent":0,"menu_order":0,"comment_status":"closed","ping_status":"closed","template":"page-templates\/fullwidth-content.php","meta":{"content-type":"","footnotes":""},"_links":{"self":[{"href":"https:\/\/trestecnicas.pt\/index.php?rest_route=\/wp\/v2\/pages\/7816"}],"collection":[{"href":"https:\/\/trestecnicas.pt\/index.php?rest_route=\/wp\/v2\/pages"}],"about":[{"href":"https:\/\/trestecnicas.pt\/index.php?rest_route=\/wp\/v2\/types\/page"}],"author":[{"embeddable":true,"href":"https:\/\/trestecnicas.pt\/index.php?rest_route=\/wp\/v2\/users\/1"}],"replies":[{"embeddable":true,"href":"https:\/\/trestecnicas.pt\/index.php?rest_route=%2Fwp%2Fv2%2Fcomments&post=7816"}],"version-history":[{"count":22,"href":"https:\/\/trestecnicas.pt\/index.php?rest_route=\/wp\/v2\/pages\/7816\/revisions"}],"predecessor-version":[{"id":9199,"href":"https:\/\/trestecnicas.pt\/index.php?rest_route=\/wp\/v2\/pages\/7816\/revisions\/9199"}],"wp:attachment":[{"href":"https:\/\/trestecnicas.pt\/index.php?rest_route=%2Fwp%2Fv2%2Fmedia&parent=7816"}],"curies":[{"name":"wp","href":"https:\/\/api.w.org\/{rel}","templated":true}]}}